{"id":578,"date":"2025-12-16T12:19:40","date_gmt":"2025-12-16T05:19:40","guid":{"rendered":"https:\/\/greenfarm88.vn\/?post_type=product&#038;p=578"},"modified":"2025-12-16T13:40:55","modified_gmt":"2025-12-16T06:40:55","slug":"ca-phe-arabica-rang-xay","status":"publish","type":"product","link":"https:\/\/greenfarm88.vn\/en\/product\/ca-phe-arabica-rang-xay\/","title":{"rendered":"ROASTED AND GROUND COFFEE"},"content":{"rendered":"<p>ROASTED AND GROUND COFFEE<\/p>\n<p>Product information:<\/p>\n<p>Humidity: 5%<br \/>\nRoasting level: Light\/Medium\/Dark Roast<\/p>\n<p><span class=\"T286Pc\" data-sfc-cp=\"\" data-processed=\"true\">Color: Uniform, not burnt black (depending on the roasting level).<\/span><\/p>\n<p>Free from impurities, black particles, broken pieces, mold, absolutely clean.<\/p>\n<div class=\"otQkpb\" role=\"heading\" data-animation-nesting=\"\" data-sfc-cp=\"\" data-processed=\"true\">Packaging &amp; Packing:<\/div>\n<ul class=\"KsbFXc U6u95\" data-processed=\"true\">\n<li data-hveid=\"CAkQAA\" data-processed=\"true\"><span class=\"T286Pc\" data-sfc-cp=\"\" data-processed=\"true\">Packaging types: PP bags, Jumbo bags (30kg, 60kg) or small bags (500g, 1kg) with one-way valve.<\/span><\/li>\n<li data-hveid=\"CAkQAQ\" data-processed=\"true\"><span class=\"T286Pc\" data-sfc-cp=\"\" data-processed=\"true\">Materials: Airtight, moisture-proof, lightproof (aluminum foil bags, laminated paper bags).<\/span><\/li>\n<li data-hveid=\"CAkQAg\" data-processed=\"true\"><span class=\"T286Pc\" data-sfc-cp=\"\" data-processed=\"true\">Labels: Complete information: product name, origin, weight, production date, expiration date, manufacturer information, in English (for export).<\/span><span class=\"uJ19be notranslate\" data-wiz-uids=\"Ns8Jnd_32,Ns8Jnd_33,Ns8Jnd_34\" data-processed=\"true\"><span class=\"vKEkVd\" data-animation-atomic=\"\" data-wiz-attrbind=\"class=Ns8Jnd_32\/TKHnVd;\" data-processed=\"true\">\u00a0<\/span><\/span><\/li>\n<\/ul>\n<p>Container packing: 20-foot or 40-foot containers.<\/p>","protected":false},"excerpt":{"rendered":"<p>C\u00c0 PH\u00ca ARABICA RANG XAY Th\u00f4ng tin s\u1ea3n ph\u1ea9m: \u0110\u1ed9 \u1ea9m: 5% M\u1ee9c \u0111\u1ed9 rang: Light\/medium\/Dark Roast M\u00e0u s\u1eafc: \u0110\u1ed3ng \u0111\u1ec1u, kh\u00f4ng ch\u00e1y \u0111en (t\u00f9y m\u1ee9c rang). Kh\u00f4ng c\u00f3 t\u1ea1p ch\u1ea5t, kh\u00f4ng c\u00f3 h\u1ea1t \u0111en, v\u1ee1, m\u1ed1c, tuy\u1ec7t \u0111\u1ed1i s\u1ea1ch Bao b\u00ec &amp; \u0110\u00f3ng g\u00f3i: Lo\u1ea1i bao:\u00a0Bao PP, bao Jumbo (30kg, 60kg) ho\u1eb7c t\u00fai nh\u1ecf [&#8230;]","protected":false},"featured_media":494,"comment_status":"open","ping_status":"closed","template":"","meta":[],"product_brand":[],"product_cat":[72,90],"product_tag":[],"class_list":{"0":"post-578","1":"product","2":"type-product","3":"status-publish","4":"has-post-thumbnail","6":"product_cat-ca-phe","7":"product_cat-ca-phe-arabica","9":"first","10":"instock","11":"shipping-taxable","12":"product-type-simple"},"_links":{"self":[{"href":"https:\/\/greenfarm88.vn\/en\/wp-json\/wp\/v2\/product\/578","targetHints":{"allow":["GET"]}}],"collection":[{"href":"https:\/\/greenfarm88.vn\/en\/wp-json\/wp\/v2\/product"}],"about":[{"href":"https:\/\/greenfarm88.vn\/en\/wp-json\/wp\/v2\/types\/product"}],"replies":[{"embeddable":true,"href":"https:\/\/greenfarm88.vn\/en\/wp-json\/wp\/v2\/comments?post=578"}],"wp:featuredmedia":[{"embeddable":true,"href":"https:\/\/greenfarm88.vn\/en\/wp-json\/wp\/v2\/media\/494"}],"wp:attachment":[{"href":"https:\/\/greenfarm88.vn\/en\/wp-json\/wp\/v2\/media?parent=578"}],"wp:term":[{"taxonomy":"product_brand","embeddable":true,"href":"https:\/\/greenfarm88.vn\/en\/wp-json\/wp\/v2\/product_brand?post=578"},{"taxonomy":"product_cat","embeddable":true,"href":"https:\/\/greenfarm88.vn\/en\/wp-json\/wp\/v2\/product_cat?post=578"},{"taxonomy":"product_tag","embeddable":true,"href":"https:\/\/greenfarm88.vn\/en\/wp-json\/wp\/v2\/product_tag?post=578"}],"curies":[{"name":"wp","href":"https:\/\/api.w.org\/{rel}","templated":true}]}}